{"id":12,"date":"2021-08-14T12:27:12","date_gmt":"2021-08-14T12:27:12","guid":{"rendered":"http:\/\/127.0.0.1\/wordpress\/?page_id=12"},"modified":"2023-09-27T17:03:13","modified_gmt":"2023-09-27T17:03:13","slug":"o-nama","status":"publish","type":"page","link":"https:\/\/medex-kosnice.com\/?page_id=12","title":{"rendered":"O nama"},"content":{"rendered":"<p>Firma Medex je porodi\u010dna firma, osnovana 2016. godine. Sve je po\u010delo malo stolarskom radionicom, \u010diji su jedini zaposlenici bila tri brata &#8211; osniva\u010di firme.<\/p>\t\t\n\t\t\t<style>\/*! elementor - v3.16.0 - 20-09-2023 *\/\n.elementor-widget-image{text-align:center}.elementor-widget-image a{display:inline-block}.elementor-widget-image a img[src$=\".svg\"]{width:48px}.elementor-widget-image img{vertical-align:middle;display:inline-block}<\/style>\t\t\t\t\t\t\t\t\t\t\t\t\t<a href=\"http:\/\/www.medex-kosnice.com\/wp-content\/uploads\/2023\/09\/Danimir-Gajic.jpg\" data-elementor-open-lightbox=\"yes\" data-elementor-lightbox-title=\"Danimir-Gajic\" data-e-action-hash=\"#elementor-action%3Aaction%3Dlightbox%26settings%3DeyJpZCI6NDg4LCJ1cmwiOiJodHRwOlwvXC93d3cubWVkZXgta29zbmljZS5jb21cL3dwLWNvbnRlbnRcL3VwbG9hZHNcLzIwMjNcLzA5XC9EYW5pbWlyLUdhamljLmpwZyJ9\">\n\t\t\t\t\t\t\t<img decoding=\"async\" width=\"200\" height=\"300\" src=\"http:\/\/www.medex-kosnice.com\/wp-content\/uploads\/2023\/09\/Danimir-Gajic-200x300.jpg\" alt=\"\" loading=\"lazy\" srcset=\"https:\/\/www.medex-kosnice.com\/wp-content\/uploads\/2023\/09\/Danimir-Gajic-200x300.jpg 200w, https:\/\/www.medex-kosnice.com\/wp-content\/uploads\/2023\/09\/Danimir-Gajic-684x1024.jpg 684w, https:\/\/www.medex-kosnice.com\/wp-content\/uploads\/2023\/09\/Danimir-Gajic-768x1151.jpg 768w, https:\/\/www.medex-kosnice.com\/wp-content\/uploads\/2023\/09\/Danimir-Gajic-1025x1536.jpg 1025w, https:\/\/www.medex-kosnice.com\/wp-content\/uploads\/2023\/09\/Danimir-Gajic.jpg 1367w\" sizes=\"auto, (max-width: 200px) 100vw, 200px\" \/>\t\t\t\t\t\t\t\t<\/a>\n\t\t\t<style>\/*! elementor - v3.16.0 - 20-09-2023 *\/\n.elementor-heading-title{padding:0;margin:0;line-height:1}.elementor-widget-heading .elementor-heading-title[class*=elementor-size-]>a{color:inherit;font-size:inherit;line-height:inherit}.elementor-widget-heading .elementor-heading-title.elementor-size-small{font-size:15px}.elementor-widget-heading .elementor-heading-title.elementor-size-medium{font-size:19px}.elementor-widget-heading .elementor-heading-title.elementor-size-large{font-size:29px}.elementor-widget-heading .elementor-heading-title.elementor-size-xl{font-size:39px}.elementor-widget-heading .elementor-heading-title.elementor-size-xxl{font-size:59px}<\/style><h2>Danimir Gaji\u0107<br>Vlasnik<\/h2>\t\t\n\t\t\t\t\t\t\t\t\t\t\t\t\t\t\t\t<a href=\"http:\/\/www.medex-kosnice.com\/wp-content\/uploads\/2023\/09\/Darijo-Gajic.jpg\" data-elementor-open-lightbox=\"yes\" data-elementor-lightbox-title=\"Darijo Gaji\u0107\" data-e-action-hash=\"#elementor-action%3Aaction%3Dlightbox%26settings%3DeyJpZCI6NDg5LCJ1cmwiOiJodHRwOlwvXC93d3cubWVkZXgta29zbmljZS5jb21cL3dwLWNvbnRlbnRcL3VwbG9hZHNcLzIwMjNcLzA5XC9EYXJpam8tR2FqaWMuanBnIn0%3D\">\n\t\t\t\t\t\t\t<img decoding=\"async\" width=\"200\" height=\"300\" src=\"http:\/\/www.medex-kosnice.com\/wp-content\/uploads\/2023\/09\/Darijo-Gajic-200x300.jpg\" alt=\"\" loading=\"lazy\" srcset=\"https:\/\/www.medex-kosnice.com\/wp-content\/uploads\/2023\/09\/Darijo-Gajic-200x300.jpg 200w, https:\/\/www.medex-kosnice.com\/wp-content\/uploads\/2023\/09\/Darijo-Gajic-684x1024.jpg 684w, https:\/\/www.medex-kosnice.com\/wp-content\/uploads\/2023\/09\/Darijo-Gajic-768x1151.jpg 768w, https:\/\/www.medex-kosnice.com\/wp-content\/uploads\/2023\/09\/Darijo-Gajic-1025x1536.jpg 1025w, https:\/\/www.medex-kosnice.com\/wp-content\/uploads\/2023\/09\/Darijo-Gajic.jpg 1367w\" sizes=\"auto, (max-width: 200px) 100vw, 200px\" \/>\t\t\t\t\t\t\t\t<\/a>\n\t\t\t<h2>Darijo Gaji\u0107<br>Vlasnik<\/h2>\t\t\n\t\t\t\t\t\t\t\t\t\t\t\t\t\t\t\t<a href=\"http:\/\/www.medex-kosnice.com\/wp-content\/uploads\/2023\/09\/Danijel-Gajic.jpg\" data-elementor-open-lightbox=\"yes\" data-elementor-lightbox-title=\"Danijel Gaji\u0107\" data-e-action-hash=\"#elementor-action%3Aaction%3Dlightbox%26settings%3DeyJpZCI6NDkwLCJ1cmwiOiJodHRwOlwvXC93d3cubWVkZXgta29zbmljZS5jb21cL3dwLWNvbnRlbnRcL3VwbG9hZHNcLzIwMjNcLzA5XC9EYW5pamVsLUdhamljLmpwZyJ9\">\n\t\t\t\t\t\t\t<img decoding=\"async\" width=\"200\" height=\"300\" src=\"http:\/\/www.medex-kosnice.com\/wp-content\/uploads\/2023\/09\/Danijel-Gajic-200x300.jpg\" alt=\"\" loading=\"lazy\" srcset=\"https:\/\/www.medex-kosnice.com\/wp-content\/uploads\/2023\/09\/Danijel-Gajic-200x300.jpg 200w, https:\/\/www.medex-kosnice.com\/wp-content\/uploads\/2023\/09\/Danijel-Gajic-684x1024.jpg 684w, https:\/\/www.medex-kosnice.com\/wp-content\/uploads\/2023\/09\/Danijel-Gajic-768x1151.jpg 768w, https:\/\/www.medex-kosnice.com\/wp-content\/uploads\/2023\/09\/Danijel-Gajic-1025x1536.jpg 1025w, https:\/\/www.medex-kosnice.com\/wp-content\/uploads\/2023\/09\/Danijel-Gajic.jpg 1367w\" sizes=\"auto, (max-width: 200px) 100vw, 200px\" \/>\t\t\t\t\t\t\t\t<\/a>\n\t\t\t<h2>Danijel Gaji\u0107<br>Vlasnik<\/h2>\t\t\n\t\t<p><\/p>\n<p><img alt=\"\" \/>Osvajanje liderskog mjesta u proizvodnji p\u010delarske opreme bio je cilj firme jo\u0161 od samih po\u010detaka njenog rada.<\/p>\n<p><\/p>\n<p><\/p>\n<p><\/p>\n<p><\/p>\n<p>Nakon odre\u0111enog vremena, vrijednim i upornim radom, uspjeli smo na\u0161e poslovanje pro\u0161iriti sa tr\u017ei\u0161ta Bosne i Hercegovine na prostor Evropskog tr\u017ei\u0161ta. Idu\u0107i putem predanog rada, rasta i razvoja ka cilju \u0161to boljeg kvaliteta na\u0161ih proizvoda i usluga, dolazimo do faze osvajanja tr\u017ei\u0161ta zemalja kao \u0161to su Njema\u010dka, Austrija, Makedonija i Hrvatska.<\/p>\n<p><\/p>\n<p><\/p>\n<p>Uz modernizaciju proizvodnih pogona, kao i pa\u017eljivu kontrolu svakog kvalitetno zavr\u0161enog proizvoda, sa zadovoljstvom mo\u017eemo ista\u0107i da smo otvoreni za sticanje novih klijenata. Time doprinosimo samom pro\u0161irenju tr\u017ei\u0161ta na druge zemlje i istovremeno ih osvajamo kvalitetom na\u0161ih usluga i proizvoda. U toj \u010dinjenici le\u017ei najve\u0107i cilj na\u0161e kompanije &#8211; postati najbolji u onome \u0161to radimo.<\/p>\n<p><\/p>\n<p><\/p>\n<p>Sjedi\u0161te na\u0161e kompanije smje\u0161teno je u Bijeljini, gdje se i nalaze na\u0161i moderno opremljeni pogoni koji se prostiru na 5 000 m2. Kvalitet rada, garancija i odgovornost, predstavljaju temelje na\u0161e kompanije i njenog rada. Na takvim temeljima firma dobija izuzetnu reputaciju i pouzdanost, iz \u010dega proizilazi visok stepen zadovoljstva svih na\u0161ih klijenata i kupaca.<\/p>\n<figure>\n<p><\/p>\n<\/figure>\n<p><!-- \/wp:gallery --><\/p>\t\t\n\t\t\t\t\t\t\t\t\t\t\t\t\t\t\t\t<a href=\"http:\/\/www.medex-kosnice.com\/wp-content\/uploads\/2021\/08\/42329004_1927334207571031_5264557558936371200_n.jpg\" data-elementor-open-lightbox=\"yes\" data-elementor-lightbox-title=\"42329004_1927334207571031_5264557558936371200_n\" data-e-action-hash=\"#elementor-action%3Aaction%3Dlightbox%26settings%3DeyJpZCI6MTA4LCJ1cmwiOiJodHRwOlwvXC93d3cubWVkZXgta29zbmljZS5jb21cL3dwLWNvbnRlbnRcL3VwbG9hZHNcLzIwMjFcLzA4XC80MjMyOTAwNF8xOTI3MzM0MjA3NTcxMDMxXzUyNjQ1NTc1NTg5MzYzNzEyMDBfbi5qcGcifQ%3D%3D\">\n\t\t\t\t\t\t\t<img decoding=\"async\" width=\"540\" height=\"720\" src=\"http:\/\/www.medex-kosnice.com\/wp-content\/uploads\/2021\/08\/42329004_1927334207571031_5264557558936371200_n.jpg\" alt=\"\" loading=\"lazy\" srcset=\"https:\/\/www.medex-kosnice.com\/wp-content\/uploads\/2021\/08\/42329004_1927334207571031_5264557558936371200_n.jpg 540w, https:\/\/www.medex-kosnice.com\/wp-content\/uploads\/2021\/08\/42329004_1927334207571031_5264557558936371200_n-225x300.jpg 225w\" sizes=\"auto, (max-width: 540px) 100vw, 540px\" \/>\t\t\t\t\t\t\t\t<\/a>","protected":false},"excerpt":{"rendered":"<p>Firma Medex je porodi\u010dna firma, osnovana 2016. godine. Sve je po\u010delo malo stolarskom radionicom, \u010diji su jedini zaposlenici bila tri brata &#8211; osniva\u010di firme. Danimir Gaji\u0107Vlasnik Darijo Gaji\u0107Vlasnik Danijel Gaji\u0107Vlasnik Osvajanje liderskog mjesta u proizvodnji p\u010delarske opreme bio je cilj firme jo\u0161 od samih po\u010detaka njenog rada. Nakon odre\u0111enog vremena, vrijednim i upornim radom, uspjeli [&hellip;]<\/p>\n","protected":false},"author":1,"featured_media":108,"parent":0,"menu_order":0,"comment_status":"closed","ping_status":"closed","template":"","meta":{"footnotes":""},"class_list":["post-12","page","type-page","status-publish","has-post-thumbnail","czr-hentry"],"_links":{"self":[{"href":"https:\/\/medex-kosnice.com\/index.php?rest_route=\/wp\/v2\/pages\/12","targetHints":{"allow":["GET"]}}],"collection":[{"href":"https:\/\/medex-kosnice.com\/index.php?rest_route=\/wp\/v2\/pages"}],"about":[{"href":"https:\/\/medex-kosnice.com\/index.php?rest_route=\/wp\/v2\/types\/page"}],"author":[{"embeddable":true,"href":"https:\/\/medex-kosnice.com\/index.php?rest_route=\/wp\/v2\/users\/1"}],"replies":[{"embeddable":true,"href":"https:\/\/medex-kosnice.com\/index.php?rest_route=%2Fwp%2Fv2%2Fcomments&post=12"}],"version-history":[{"count":9,"href":"https:\/\/medex-kosnice.com\/index.php?rest_route=\/wp\/v2\/pages\/12\/revisions"}],"predecessor-version":[{"id":496,"href":"https:\/\/medex-kosnice.com\/index.php?rest_route=\/wp\/v2\/pages\/12\/revisions\/496"}],"wp:featuredmedia":[{"embeddable":true,"href":"https:\/\/medex-kosnice.com\/index.php?rest_route=\/wp\/v2\/media\/108"}],"wp:attachment":[{"href":"https:\/\/medex-kosnice.com\/index.php?rest_route=%2Fwp%2Fv2%2Fmedia&parent=12"}],"curies":[{"name":"wp","href":"https:\/\/api.w.org\/{rel}","templated":true}]}}